{"id":34248,"date":"2026-05-14T01:12:00","date_gmt":"2026-05-13T23:12:00","guid":{"rendered":"https:\/\/escortvienna.com\/escorts\/simone\/"},"modified":"2026-05-14T01:16:08","modified_gmt":"2026-05-13T23:16:08","slug":"simone","status":"publish","type":"product","link":"https:\/\/escortvienna.com\/de\/escorts\/simone\/","title":{"rendered":"Simone"},"content":{"rendered":"","protected":false},"excerpt":{"rendered":"<p data-start=\"51\" data-end=\"331\">Ich bin <strong data-start=\"59\" data-end=\"69\">Simone<\/strong>, 29 \u2013 <strong data-start=\"76\" data-end=\"86\">159 cm<\/strong>, <strong data-start=\"88\" data-end=\"97\">60 kg<\/strong>, mit <strong data-start=\"103\" data-end=\"135\">sehr langen schwarzen Haaren<\/strong>, einem <strong data-start=\"143\" data-end=\"170\">s\u00fc\u00dfen, h\u00fcbschen Gesicht<\/strong> und einer <strong data-start=\"181\" data-end=\"201\">gro\u00dfen Oberweite<\/strong>, die man nicht \u00fcbersieht. Ich habe eine warme, feminine Ausstrahlung und eine verspielte Art, bei der du dich schnell wohlf\u00fchlst.<\/p>\n<p data-start=\"333\" data-end=\"567\">Mit mir wird ein Date entspannt und gleichzeitig spannend: ein bisschen Flirt, viel N\u00e4he und gute Vibes. Ich bin gepflegt, diskret und aufmerksam \u2013 und ich mag es, wenn wir eine nat\u00fcrliche Chemie aufbauen, ohne Stress und ohne Hektik.<\/p>\n<p data-start=\"569\" data-end=\"691\">Ich spreche <strong data-start=\"581\" data-end=\"593\">Englisch<\/strong> und freue mich auf eine Nachricht von dir.<br data-start=\"636\" data-end=\"639\" \/>\ud83d\udcac Schreib mir \u2013 und wir planen ein sch\u00f6nes Treffen.<\/p>\n","protected":false},"featured_media":34250,"comment_status":"open","ping_status":"closed","template":"","meta":{"_joinchat":[]},"product_brand":[],"product_cat":[869,865,875,867,870],"product_tag":[],"class_list":{"0":"post-34248","1":"product","2":"type-product","3":"status-publish","4":"has-post-thumbnail","6":"product_cat-braunhaarige-escorts-madchen","7":"product_cat-internationaler-flughafen-wien-escort-service","8":"product_cat-junge-escorts-frauen","9":"product_cat-schwarzhaarige-escorts-madchen","10":"product_cat-vollbusige-girls-escorts","12":"first","13":"instock","14":"shipping-taxable","15":"purchasable","16":"product-type-simple"},"yoast_head":"<!-- This site is optimized with the Yoast SEO plugin v27.6 - https:\/\/yoast.com\/product\/yoast-seo-wordpress\/ -->\n<title>Simone - Escort girl in Vienna<\/title>\n<meta name=\"description\" content=\"Ich bin Simone, 29 \u2013 159 cm, 60 kg, mit sehr langen schwarzen Haaren, einem s\u00fc\u00dfen, h\u00fcbschen Gesicht und einer gro\u00dfen Oberweite, die man nicht \u00fcbersieht. Ich habe eine warme, feminine Ausstrahlung und eine verspielte Art, bei der du dich schnell wohlf\u00fchlst..\" \/>\n<meta name=\"robots\" content=\"index, follow, max-snippet:-1, max-image-preview:large, max-video-preview:-1\" \/>\n<link rel=\"canonical\" href=\"https:\/\/escortvienna.com\/de\/escorts\/simone\/\" \/>\n<meta property=\"og:locale\" content=\"de_DE\" \/>\n<meta property=\"og:type\" content=\"article\" \/>\n<meta property=\"og:title\" content=\"Simone - Escort girl in Vienna\" \/>\n<meta property=\"og:description\" content=\"Ich bin Simone, 29 \u2013 159 cm, 60 kg, mit sehr langen schwarzen Haaren, einem s\u00fc\u00dfen, h\u00fcbschen Gesicht und einer gro\u00dfen Oberweite, die man nicht \u00fcbersieht. Ich habe eine warme, feminine Ausstrahlung und eine verspielte Art, bei der du dich schnell wohlf\u00fchlst..\" \/>\n<meta property=\"og:url\" content=\"https:\/\/escortvienna.com\/de\/escorts\/simone\/\" \/>\n<meta property=\"og:site_name\" content=\"Escort Wien\" \/>\n<meta property=\"article:modified_time\" content=\"2026-05-13T23:16:08+00:00\" \/>\n<meta property=\"og:image\" content=\"https:\/\/escortvienna.com\/wp-content\/uploads\/2026\/05\/simone-escort-vienna-cute-face-29-01.jpg\" \/>\n\t<meta property=\"og:image:width\" content=\"658\" \/>\n\t<meta property=\"og:image:height\" content=\"1100\" \/>\n\t<meta property=\"og:image:type\" content=\"image\/jpeg\" \/>\n<meta name=\"twitter:card\" content=\"summary_large_image\" \/>\n<script type=\"application\/ld+json\" class=\"yoast-schema-graph\">{\"@context\":\"https:\\\/\\\/schema.org\",\"@graph\":[{\"@type\":[\"WebPage\",\"ItemPage\"],\"@id\":\"https:\\\/\\\/escortvienna.com\\\/de\\\/escorts\\\/simone\\\/\",\"url\":\"https:\\\/\\\/escortvienna.com\\\/de\\\/escorts\\\/simone\\\/\",\"name\":\"Simone - Escort girl in Vienna\",\"isPartOf\":{\"@id\":\"https:\\\/\\\/escortvienna.com\\\/de\\\/#website\"},\"primaryImageOfPage\":{\"@id\":\"https:\\\/\\\/escortvienna.com\\\/de\\\/escorts\\\/simone\\\/#primaryimage\"},\"image\":{\"@id\":\"https:\\\/\\\/escortvienna.com\\\/de\\\/escorts\\\/simone\\\/#primaryimage\"},\"thumbnailUrl\":\"https:\\\/\\\/escortvienna.com\\\/wp-content\\\/uploads\\\/2026\\\/05\\\/simone-escort-vienna-cute-face-29-01.jpg\",\"datePublished\":\"2026-05-13T23:12:00+00:00\",\"dateModified\":\"2026-05-13T23:16:08+00:00\",\"description\":\"Ich bin Simone, 29 \u2013 159 cm, 60 kg, mit sehr langen schwarzen Haaren, einem s\u00fc\u00dfen, h\u00fcbschen Gesicht und einer gro\u00dfen Oberweite, die man nicht \u00fcbersieht. Ich habe eine warme, feminine Ausstrahlung und eine verspielte Art, bei der du dich schnell wohlf\u00fchlst..\",\"breadcrumb\":{\"@id\":\"https:\\\/\\\/escortvienna.com\\\/de\\\/escorts\\\/simone\\\/#breadcrumb\"},\"inLanguage\":\"de\",\"potentialAction\":[{\"@type\":\"ReadAction\",\"target\":[\"https:\\\/\\\/escortvienna.com\\\/de\\\/escorts\\\/simone\\\/\"]}]},{\"@type\":\"ImageObject\",\"inLanguage\":\"de\",\"@id\":\"https:\\\/\\\/escortvienna.com\\\/de\\\/escorts\\\/simone\\\/#primaryimage\",\"url\":\"https:\\\/\\\/escortvienna.com\\\/wp-content\\\/uploads\\\/2026\\\/05\\\/simone-escort-vienna-cute-face-29-01.jpg\",\"contentUrl\":\"https:\\\/\\\/escortvienna.com\\\/wp-content\\\/uploads\\\/2026\\\/05\\\/simone-escort-vienna-cute-face-29-01.jpg\",\"width\":658,\"height\":1100},{\"@type\":\"BreadcrumbList\",\"@id\":\"https:\\\/\\\/escortvienna.com\\\/de\\\/escorts\\\/simone\\\/#breadcrumb\",\"itemListElement\":[{\"@type\":\"ListItem\",\"position\":1,\"name\":\"Escort Vienna\",\"item\":\"https:\\\/\\\/escortvienna.com\\\/de\\\/\"},{\"@type\":\"ListItem\",\"position\":2,\"name\":\"Wien Escort Girls\",\"item\":\"https:\\\/\\\/escortvienna.com\\\/de\\\/escorts\\\/\"},{\"@type\":\"ListItem\",\"position\":3,\"name\":\"Simone\"}]},{\"@type\":\"WebSite\",\"@id\":\"https:\\\/\\\/escortvienna.com\\\/de\\\/#website\",\"url\":\"https:\\\/\\\/escortvienna.com\\\/de\\\/\",\"name\":\"Escort Wien\",\"description\":\"Wiener Escort Service f\u00fcr Gesch\u00e4ftsreisende\",\"publisher\":{\"@id\":\"https:\\\/\\\/escortvienna.com\\\/de\\\/#organization\"},\"alternateName\":\"Escort Vienna Agency\",\"potentialAction\":[{\"@type\":\"SearchAction\",\"target\":{\"@type\":\"EntryPoint\",\"urlTemplate\":\"https:\\\/\\\/escortvienna.com\\\/de\\\/?s={search_term_string}\"},\"query-input\":{\"@type\":\"PropertyValueSpecification\",\"valueRequired\":true,\"valueName\":\"search_term_string\"}}],\"inLanguage\":\"de\"},{\"@type\":\"Organization\",\"@id\":\"https:\\\/\\\/escortvienna.com\\\/de\\\/#organization\",\"name\":\"Escort Vienna Agency\",\"alternateName\":\"Escort Vienna\",\"url\":\"https:\\\/\\\/escortvienna.com\\\/de\\\/\",\"logo\":{\"@type\":\"ImageObject\",\"inLanguage\":\"de\",\"@id\":\"https:\\\/\\\/escortvienna.com\\\/de\\\/#\\\/schema\\\/logo\\\/image\\\/\",\"url\":\"https:\\\/\\\/escortvienna.com\\\/wp-content\\\/uploads\\\/2024\\\/10\\\/EscortVienna-logo-696.jpg\",\"contentUrl\":\"https:\\\/\\\/escortvienna.com\\\/wp-content\\\/uploads\\\/2024\\\/10\\\/EscortVienna-logo-696.jpg\",\"width\":696,\"height\":696,\"caption\":\"Escort Vienna Agency\"},\"image\":{\"@id\":\"https:\\\/\\\/escortvienna.com\\\/de\\\/#\\\/schema\\\/logo\\\/image\\\/\"}}]}<\/script>\n<!-- \/ Yoast SEO plugin. -->","yoast_head_json":{"title":"Simone - Escort girl in Vienna","description":"Ich bin Simone, 29 \u2013 159 cm, 60 kg, mit sehr langen schwarzen Haaren, einem s\u00fc\u00dfen, h\u00fcbschen Gesicht und einer gro\u00dfen Oberweite, die man nicht \u00fcbersieht. Ich habe eine warme, feminine Ausstrahlung und eine verspielte Art, bei der du dich schnell wohlf\u00fchlst..","robots":{"index":"index","follow":"follow","max-snippet":"max-snippet:-1","max-image-preview":"max-image-preview:large","max-video-preview":"max-video-preview:-1"},"canonical":"https:\/\/escortvienna.com\/de\/escorts\/simone\/","og_locale":"de_DE","og_type":"article","og_title":"Simone - Escort girl in Vienna","og_description":"Ich bin Simone, 29 \u2013 159 cm, 60 kg, mit sehr langen schwarzen Haaren, einem s\u00fc\u00dfen, h\u00fcbschen Gesicht und einer gro\u00dfen Oberweite, die man nicht \u00fcbersieht. Ich habe eine warme, feminine Ausstrahlung und eine verspielte Art, bei der du dich schnell wohlf\u00fchlst..","og_url":"https:\/\/escortvienna.com\/de\/escorts\/simone\/","og_site_name":"Escort Wien","article_modified_time":"2026-05-13T23:16:08+00:00","og_image":[{"width":658,"height":1100,"url":"https:\/\/escortvienna.com\/wp-content\/uploads\/2026\/05\/simone-escort-vienna-cute-face-29-01.jpg","type":"image\/jpeg"}],"twitter_card":"summary_large_image","schema":{"@context":"https:\/\/schema.org","@graph":[{"@type":["WebPage","ItemPage"],"@id":"https:\/\/escortvienna.com\/de\/escorts\/simone\/","url":"https:\/\/escortvienna.com\/de\/escorts\/simone\/","name":"Simone - Escort girl in Vienna","isPartOf":{"@id":"https:\/\/escortvienna.com\/de\/#website"},"primaryImageOfPage":{"@id":"https:\/\/escortvienna.com\/de\/escorts\/simone\/#primaryimage"},"image":{"@id":"https:\/\/escortvienna.com\/de\/escorts\/simone\/#primaryimage"},"thumbnailUrl":"https:\/\/escortvienna.com\/wp-content\/uploads\/2026\/05\/simone-escort-vienna-cute-face-29-01.jpg","datePublished":"2026-05-13T23:12:00+00:00","dateModified":"2026-05-13T23:16:08+00:00","description":"Ich bin Simone, 29 \u2013 159 cm, 60 kg, mit sehr langen schwarzen Haaren, einem s\u00fc\u00dfen, h\u00fcbschen Gesicht und einer gro\u00dfen Oberweite, die man nicht \u00fcbersieht. Ich habe eine warme, feminine Ausstrahlung und eine verspielte Art, bei der du dich schnell wohlf\u00fchlst..","breadcrumb":{"@id":"https:\/\/escortvienna.com\/de\/escorts\/simone\/#breadcrumb"},"inLanguage":"de","potentialAction":[{"@type":"ReadAction","target":["https:\/\/escortvienna.com\/de\/escorts\/simone\/"]}]},{"@type":"ImageObject","inLanguage":"de","@id":"https:\/\/escortvienna.com\/de\/escorts\/simone\/#primaryimage","url":"https:\/\/escortvienna.com\/wp-content\/uploads\/2026\/05\/simone-escort-vienna-cute-face-29-01.jpg","contentUrl":"https:\/\/escortvienna.com\/wp-content\/uploads\/2026\/05\/simone-escort-vienna-cute-face-29-01.jpg","width":658,"height":1100},{"@type":"BreadcrumbList","@id":"https:\/\/escortvienna.com\/de\/escorts\/simone\/#breadcrumb","itemListElement":[{"@type":"ListItem","position":1,"name":"Escort Vienna","item":"https:\/\/escortvienna.com\/de\/"},{"@type":"ListItem","position":2,"name":"Wien Escort Girls","item":"https:\/\/escortvienna.com\/de\/escorts\/"},{"@type":"ListItem","position":3,"name":"Simone"}]},{"@type":"WebSite","@id":"https:\/\/escortvienna.com\/de\/#website","url":"https:\/\/escortvienna.com\/de\/","name":"Escort Wien","description":"Wiener Escort Service f\u00fcr Gesch\u00e4ftsreisende","publisher":{"@id":"https:\/\/escortvienna.com\/de\/#organization"},"alternateName":"Escort Vienna Agency","potentialAction":[{"@type":"SearchAction","target":{"@type":"EntryPoint","urlTemplate":"https:\/\/escortvienna.com\/de\/?s={search_term_string}"},"query-input":{"@type":"PropertyValueSpecification","valueRequired":true,"valueName":"search_term_string"}}],"inLanguage":"de"},{"@type":"Organization","@id":"https:\/\/escortvienna.com\/de\/#organization","name":"Escort Vienna Agency","alternateName":"Escort Vienna","url":"https:\/\/escortvienna.com\/de\/","logo":{"@type":"ImageObject","inLanguage":"de","@id":"https:\/\/escortvienna.com\/de\/#\/schema\/logo\/image\/","url":"https:\/\/escortvienna.com\/wp-content\/uploads\/2024\/10\/EscortVienna-logo-696.jpg","contentUrl":"https:\/\/escortvienna.com\/wp-content\/uploads\/2024\/10\/EscortVienna-logo-696.jpg","width":696,"height":696,"caption":"Escort Vienna Agency"},"image":{"@id":"https:\/\/escortvienna.com\/de\/#\/schema\/logo\/image\/"}}]}},"_links":{"self":[{"href":"https:\/\/escortvienna.com\/de\/wp-json\/wp\/v2\/product\/34248","targetHints":{"allow":["GET"]}}],"collection":[{"href":"https:\/\/escortvienna.com\/de\/wp-json\/wp\/v2\/product"}],"about":[{"href":"https:\/\/escortvienna.com\/de\/wp-json\/wp\/v2\/types\/product"}],"replies":[{"embeddable":true,"href":"https:\/\/escortvienna.com\/de\/wp-json\/wp\/v2\/comments?post=34248"}],"wp:featuredmedia":[{"embeddable":true,"href":"https:\/\/escortvienna.com\/de\/wp-json\/wp\/v2\/media\/34250"}],"wp:attachment":[{"href":"https:\/\/escortvienna.com\/de\/wp-json\/wp\/v2\/media?parent=34248"}],"wp:term":[{"taxonomy":"product_brand","embeddable":true,"href":"https:\/\/escortvienna.com\/de\/wp-json\/wp\/v2\/product_brand?post=34248"},{"taxonomy":"product_cat","embeddable":true,"href":"https:\/\/escortvienna.com\/de\/wp-json\/wp\/v2\/product_cat?post=34248"},{"taxonomy":"product_tag","embeddable":true,"href":"https:\/\/escortvienna.com\/de\/wp-json\/wp\/v2\/product_tag?post=34248"}],"curies":[{"name":"wp","href":"https:\/\/api.w.org\/{rel}","templated":true}]}}