{"id":34203,"date":"2026-05-01T00:36:54","date_gmt":"2026-04-30T22:36:54","guid":{"rendered":"https:\/\/escortvienna.com\/escorts\/kristal\/"},"modified":"2026-05-07T15:37:47","modified_gmt":"2026-05-07T13:37:47","slug":"kristal","status":"publish","type":"product","link":"https:\/\/escortvienna.com\/de\/escorts\/kristal\/","title":{"rendered":"Kristal"},"content":{"rendered":"","protected":false},"excerpt":{"rendered":"<p data-start=\"52\" data-end=\"396\">Ich bin <strong data-start=\"60\" data-end=\"71\">Kristal<\/strong>, 28 \u2013 <strong data-start=\"78\" data-end=\"88\">170 cm<\/strong>, <strong data-start=\"90\" data-end=\"99\">55 kg<\/strong>, gro\u00df, schlank und mit <strong data-start=\"123\" data-end=\"155\">sehr langen schwarzen Haaren<\/strong>. Ich habe eine elegante, selbstbewusste Ausstrahlung und bin genau die richtige Begleitung, wenn du ein <strong data-start=\"260\" data-end=\"277\">l\u00e4ngeres Date<\/strong> suchst \u2013 entspannt, ausdauernd und mit dieser besonderen Spannung, die den Abend (oder die Nacht) unvergesslich macht.<\/p>\n<p data-start=\"398\" data-end=\"659\">Ich bin <strong data-start=\"406\" data-end=\"421\">open-minded<\/strong> und mag es, wenn du genau wei\u00dft, was dich reizt. Wenn du eine Vorliebe f\u00fcr <strong data-start=\"497\" data-end=\"528\">Dominanz\/\u201eDominatrix\u201c-Vibes<\/strong> hast, k\u00f6nnen wir das stilvoll und diskret in unser Treffen einflie\u00dfen lassen \u2013 mit klarer Kommunikation und einem sicheren Rahmen.<\/p>\n<p data-start=\"661\" data-end=\"851\">\u2728 <strong data-start=\"663\" data-end=\"727\">Ideal f\u00fcr l\u00e4ngere Dates \u2022 diskret \u2022 gepflegt \u2022 selbstbewusst<\/strong><br data-start=\"727\" data-end=\"730\" \/>\ud83d\udccd Verf\u00fcgbar in Wien (nach Termin)<br data-start=\"764\" data-end=\"767\" \/>\ud83d\udcac Schreib mir mit deinen W\u00fcnschen \u2013 und wir planen etwas, das perfekt zu dir passt.<\/p>\n","protected":false},"featured_media":34207,"comment_status":"open","ping_status":"closed","template":"","meta":{"_joinchat":[]},"product_brand":[],"product_cat":[869,883,865,871,867,870],"product_tag":[],"class_list":{"0":"post-34203","1":"product","2":"type-product","3":"status-publish","4":"has-post-thumbnail","6":"product_cat-braunhaarige-escorts-madchen","7":"product_cat-empfohlen","8":"product_cat-internationaler-flughafen-wien-escort-service","9":"product_cat-reife-frauen-escorts","10":"product_cat-schwarzhaarige-escorts-madchen","11":"product_cat-vollbusige-girls-escorts","13":"first","14":"instock","15":"shipping-taxable","16":"purchasable","17":"product-type-simple"},"yoast_head":"<!-- This site is optimized with the Yoast SEO plugin v27.6 - https:\/\/yoast.com\/product\/yoast-seo-wordpress\/ -->\n<title>Kristal - Escort girl in Vienna<\/title>\n<meta name=\"description\" content=\"Kristal in Wien: 28 Jahre, 170 cm, 55 kg \u2013 gro\u00df, schlank, lange schwarze Haare. Ideal f\u00fcr l\u00e4ngere Dates, diskret &amp; gepflegt. Auch passend f\u00fcr Dominanz\/Dominatrix-Vibes nach Absprache.\" \/>\n<meta name=\"robots\" content=\"index, follow, max-snippet:-1, max-image-preview:large, max-video-preview:-1\" \/>\n<link rel=\"canonical\" href=\"https:\/\/escortvienna.com\/de\/escorts\/kristal\/\" \/>\n<meta property=\"og:locale\" content=\"de_DE\" \/>\n<meta property=\"og:type\" content=\"article\" \/>\n<meta property=\"og:title\" content=\"Kristal - Escort girl in Vienna\" \/>\n<meta property=\"og:description\" content=\"Kristal in Wien: 28 Jahre, 170 cm, 55 kg \u2013 gro\u00df, schlank, lange schwarze Haare. Ideal f\u00fcr l\u00e4ngere Dates, diskret &amp; gepflegt. Auch passend f\u00fcr Dominanz\/Dominatrix-Vibes nach Absprache.\" \/>\n<meta property=\"og:url\" content=\"https:\/\/escortvienna.com\/de\/escorts\/kristal\/\" \/>\n<meta property=\"og:site_name\" content=\"Escort Wien\" \/>\n<meta property=\"article:modified_time\" content=\"2026-05-07T13:37:47+00:00\" \/>\n<meta property=\"og:image\" content=\"https:\/\/escortvienna.com\/wp-content\/uploads\/2026\/05\/kristal-escort-vienna-tall-slim-28-01.jpg\" \/>\n\t<meta property=\"og:image:width\" content=\"584\" \/>\n\t<meta property=\"og:image:height\" content=\"875\" \/>\n\t<meta property=\"og:image:type\" content=\"image\/jpeg\" \/>\n<meta name=\"twitter:card\" content=\"summary_large_image\" \/>\n<script type=\"application\/ld+json\" class=\"yoast-schema-graph\">{\"@context\":\"https:\\\/\\\/schema.org\",\"@graph\":[{\"@type\":[\"WebPage\",\"ItemPage\"],\"@id\":\"https:\\\/\\\/escortvienna.com\\\/de\\\/escorts\\\/kristal\\\/\",\"url\":\"https:\\\/\\\/escortvienna.com\\\/de\\\/escorts\\\/kristal\\\/\",\"name\":\"Kristal - Escort girl in Vienna\",\"isPartOf\":{\"@id\":\"https:\\\/\\\/escortvienna.com\\\/de\\\/#website\"},\"primaryImageOfPage\":{\"@id\":\"https:\\\/\\\/escortvienna.com\\\/de\\\/escorts\\\/kristal\\\/#primaryimage\"},\"image\":{\"@id\":\"https:\\\/\\\/escortvienna.com\\\/de\\\/escorts\\\/kristal\\\/#primaryimage\"},\"thumbnailUrl\":\"https:\\\/\\\/escortvienna.com\\\/wp-content\\\/uploads\\\/2026\\\/05\\\/kristal-escort-vienna-tall-slim-28-01.jpg\",\"datePublished\":\"2026-04-30T22:36:54+00:00\",\"dateModified\":\"2026-05-07T13:37:47+00:00\",\"description\":\"Kristal in Wien: 28 Jahre, 170 cm, 55 kg \u2013 gro\u00df, schlank, lange schwarze Haare. Ideal f\u00fcr l\u00e4ngere Dates, diskret & gepflegt. Auch passend f\u00fcr Dominanz\\\/Dominatrix-Vibes nach Absprache.\",\"breadcrumb\":{\"@id\":\"https:\\\/\\\/escortvienna.com\\\/de\\\/escorts\\\/kristal\\\/#breadcrumb\"},\"inLanguage\":\"de\",\"potentialAction\":[{\"@type\":\"ReadAction\",\"target\":[\"https:\\\/\\\/escortvienna.com\\\/de\\\/escorts\\\/kristal\\\/\"]}]},{\"@type\":\"ImageObject\",\"inLanguage\":\"de\",\"@id\":\"https:\\\/\\\/escortvienna.com\\\/de\\\/escorts\\\/kristal\\\/#primaryimage\",\"url\":\"https:\\\/\\\/escortvienna.com\\\/wp-content\\\/uploads\\\/2026\\\/05\\\/kristal-escort-vienna-tall-slim-28-01.jpg\",\"contentUrl\":\"https:\\\/\\\/escortvienna.com\\\/wp-content\\\/uploads\\\/2026\\\/05\\\/kristal-escort-vienna-tall-slim-28-01.jpg\",\"width\":584,\"height\":875},{\"@type\":\"BreadcrumbList\",\"@id\":\"https:\\\/\\\/escortvienna.com\\\/de\\\/escorts\\\/kristal\\\/#breadcrumb\",\"itemListElement\":[{\"@type\":\"ListItem\",\"position\":1,\"name\":\"Escort Vienna\",\"item\":\"https:\\\/\\\/escortvienna.com\\\/de\\\/\"},{\"@type\":\"ListItem\",\"position\":2,\"name\":\"Wien Escort Girls\",\"item\":\"https:\\\/\\\/escortvienna.com\\\/de\\\/escorts\\\/\"},{\"@type\":\"ListItem\",\"position\":3,\"name\":\"Kristal\"}]},{\"@type\":\"WebSite\",\"@id\":\"https:\\\/\\\/escortvienna.com\\\/de\\\/#website\",\"url\":\"https:\\\/\\\/escortvienna.com\\\/de\\\/\",\"name\":\"Escort Wien\",\"description\":\"Wiener Escort Service f\u00fcr Gesch\u00e4ftsreisende\",\"publisher\":{\"@id\":\"https:\\\/\\\/escortvienna.com\\\/de\\\/#organization\"},\"alternateName\":\"Escort Vienna Agency\",\"potentialAction\":[{\"@type\":\"SearchAction\",\"target\":{\"@type\":\"EntryPoint\",\"urlTemplate\":\"https:\\\/\\\/escortvienna.com\\\/de\\\/?s={search_term_string}\"},\"query-input\":{\"@type\":\"PropertyValueSpecification\",\"valueRequired\":true,\"valueName\":\"search_term_string\"}}],\"inLanguage\":\"de\"},{\"@type\":\"Organization\",\"@id\":\"https:\\\/\\\/escortvienna.com\\\/de\\\/#organization\",\"name\":\"Escort Vienna Agency\",\"alternateName\":\"Escort Vienna\",\"url\":\"https:\\\/\\\/escortvienna.com\\\/de\\\/\",\"logo\":{\"@type\":\"ImageObject\",\"inLanguage\":\"de\",\"@id\":\"https:\\\/\\\/escortvienna.com\\\/de\\\/#\\\/schema\\\/logo\\\/image\\\/\",\"url\":\"https:\\\/\\\/escortvienna.com\\\/wp-content\\\/uploads\\\/2024\\\/10\\\/EscortVienna-logo-696.jpg\",\"contentUrl\":\"https:\\\/\\\/escortvienna.com\\\/wp-content\\\/uploads\\\/2024\\\/10\\\/EscortVienna-logo-696.jpg\",\"width\":696,\"height\":696,\"caption\":\"Escort Vienna Agency\"},\"image\":{\"@id\":\"https:\\\/\\\/escortvienna.com\\\/de\\\/#\\\/schema\\\/logo\\\/image\\\/\"}}]}<\/script>\n<!-- \/ Yoast SEO plugin. -->","yoast_head_json":{"title":"Kristal - Escort girl in Vienna","description":"Kristal in Wien: 28 Jahre, 170 cm, 55 kg \u2013 gro\u00df, schlank, lange schwarze Haare. Ideal f\u00fcr l\u00e4ngere Dates, diskret & gepflegt. Auch passend f\u00fcr Dominanz\/Dominatrix-Vibes nach Absprache.","robots":{"index":"index","follow":"follow","max-snippet":"max-snippet:-1","max-image-preview":"max-image-preview:large","max-video-preview":"max-video-preview:-1"},"canonical":"https:\/\/escortvienna.com\/de\/escorts\/kristal\/","og_locale":"de_DE","og_type":"article","og_title":"Kristal - Escort girl in Vienna","og_description":"Kristal in Wien: 28 Jahre, 170 cm, 55 kg \u2013 gro\u00df, schlank, lange schwarze Haare. Ideal f\u00fcr l\u00e4ngere Dates, diskret & gepflegt. Auch passend f\u00fcr Dominanz\/Dominatrix-Vibes nach Absprache.","og_url":"https:\/\/escortvienna.com\/de\/escorts\/kristal\/","og_site_name":"Escort Wien","article_modified_time":"2026-05-07T13:37:47+00:00","og_image":[{"width":584,"height":875,"url":"https:\/\/escortvienna.com\/wp-content\/uploads\/2026\/05\/kristal-escort-vienna-tall-slim-28-01.jpg","type":"image\/jpeg"}],"twitter_card":"summary_large_image","schema":{"@context":"https:\/\/schema.org","@graph":[{"@type":["WebPage","ItemPage"],"@id":"https:\/\/escortvienna.com\/de\/escorts\/kristal\/","url":"https:\/\/escortvienna.com\/de\/escorts\/kristal\/","name":"Kristal - Escort girl in Vienna","isPartOf":{"@id":"https:\/\/escortvienna.com\/de\/#website"},"primaryImageOfPage":{"@id":"https:\/\/escortvienna.com\/de\/escorts\/kristal\/#primaryimage"},"image":{"@id":"https:\/\/escortvienna.com\/de\/escorts\/kristal\/#primaryimage"},"thumbnailUrl":"https:\/\/escortvienna.com\/wp-content\/uploads\/2026\/05\/kristal-escort-vienna-tall-slim-28-01.jpg","datePublished":"2026-04-30T22:36:54+00:00","dateModified":"2026-05-07T13:37:47+00:00","description":"Kristal in Wien: 28 Jahre, 170 cm, 55 kg \u2013 gro\u00df, schlank, lange schwarze Haare. Ideal f\u00fcr l\u00e4ngere Dates, diskret & gepflegt. Auch passend f\u00fcr Dominanz\/Dominatrix-Vibes nach Absprache.","breadcrumb":{"@id":"https:\/\/escortvienna.com\/de\/escorts\/kristal\/#breadcrumb"},"inLanguage":"de","potentialAction":[{"@type":"ReadAction","target":["https:\/\/escortvienna.com\/de\/escorts\/kristal\/"]}]},{"@type":"ImageObject","inLanguage":"de","@id":"https:\/\/escortvienna.com\/de\/escorts\/kristal\/#primaryimage","url":"https:\/\/escortvienna.com\/wp-content\/uploads\/2026\/05\/kristal-escort-vienna-tall-slim-28-01.jpg","contentUrl":"https:\/\/escortvienna.com\/wp-content\/uploads\/2026\/05\/kristal-escort-vienna-tall-slim-28-01.jpg","width":584,"height":875},{"@type":"BreadcrumbList","@id":"https:\/\/escortvienna.com\/de\/escorts\/kristal\/#breadcrumb","itemListElement":[{"@type":"ListItem","position":1,"name":"Escort Vienna","item":"https:\/\/escortvienna.com\/de\/"},{"@type":"ListItem","position":2,"name":"Wien Escort Girls","item":"https:\/\/escortvienna.com\/de\/escorts\/"},{"@type":"ListItem","position":3,"name":"Kristal"}]},{"@type":"WebSite","@id":"https:\/\/escortvienna.com\/de\/#website","url":"https:\/\/escortvienna.com\/de\/","name":"Escort Wien","description":"Wiener Escort Service f\u00fcr Gesch\u00e4ftsreisende","publisher":{"@id":"https:\/\/escortvienna.com\/de\/#organization"},"alternateName":"Escort Vienna Agency","potentialAction":[{"@type":"SearchAction","target":{"@type":"EntryPoint","urlTemplate":"https:\/\/escortvienna.com\/de\/?s={search_term_string}"},"query-input":{"@type":"PropertyValueSpecification","valueRequired":true,"valueName":"search_term_string"}}],"inLanguage":"de"},{"@type":"Organization","@id":"https:\/\/escortvienna.com\/de\/#organization","name":"Escort Vienna Agency","alternateName":"Escort Vienna","url":"https:\/\/escortvienna.com\/de\/","logo":{"@type":"ImageObject","inLanguage":"de","@id":"https:\/\/escortvienna.com\/de\/#\/schema\/logo\/image\/","url":"https:\/\/escortvienna.com\/wp-content\/uploads\/2024\/10\/EscortVienna-logo-696.jpg","contentUrl":"https:\/\/escortvienna.com\/wp-content\/uploads\/2024\/10\/EscortVienna-logo-696.jpg","width":696,"height":696,"caption":"Escort Vienna Agency"},"image":{"@id":"https:\/\/escortvienna.com\/de\/#\/schema\/logo\/image\/"}}]}},"_links":{"self":[{"href":"https:\/\/escortvienna.com\/de\/wp-json\/wp\/v2\/product\/34203","targetHints":{"allow":["GET"]}}],"collection":[{"href":"https:\/\/escortvienna.com\/de\/wp-json\/wp\/v2\/product"}],"about":[{"href":"https:\/\/escortvienna.com\/de\/wp-json\/wp\/v2\/types\/product"}],"replies":[{"embeddable":true,"href":"https:\/\/escortvienna.com\/de\/wp-json\/wp\/v2\/comments?post=34203"}],"wp:featuredmedia":[{"embeddable":true,"href":"https:\/\/escortvienna.com\/de\/wp-json\/wp\/v2\/media\/34207"}],"wp:attachment":[{"href":"https:\/\/escortvienna.com\/de\/wp-json\/wp\/v2\/media?parent=34203"}],"wp:term":[{"taxonomy":"product_brand","embeddable":true,"href":"https:\/\/escortvienna.com\/de\/wp-json\/wp\/v2\/product_brand?post=34203"},{"taxonomy":"product_cat","embeddable":true,"href":"https:\/\/escortvienna.com\/de\/wp-json\/wp\/v2\/product_cat?post=34203"},{"taxonomy":"product_tag","embeddable":true,"href":"https:\/\/escortvienna.com\/de\/wp-json\/wp\/v2\/product_tag?post=34203"}],"curies":[{"name":"wp","href":"https:\/\/api.w.org\/{rel}","templated":true}]}}