{"id":31920,"date":"2024-03-26T19:08:44","date_gmt":"2024-03-26T18:08:45","guid":{"rendered":"https:\/\/escortvienna.com\/?post_type=product&#038;p=31920"},"modified":"2026-02-11T21:41:47","modified_gmt":"2026-02-11T20:41:47","slug":"adria","status":"publish","type":"product","link":"https:\/\/escortvienna.com\/de\/escorts\/adria\/","title":{"rendered":"Adria"},"content":{"rendered":"","protected":false},"excerpt":{"rendered":"<p>Mehr \u00fcber mich in K\u00fcrze, aber bis dann, bin ich nat\u00fcrlich ab sofort f\u00fcr Euch verf\u00fcgbar&#8230; \ud83d\ude09<\/p>\n","protected":false},"featured_media":31938,"comment_status":"open","ping_status":"closed","template":"","meta":{"_joinchat":[]},"product_brand":[],"product_cat":[865,871,867,870],"product_tag":[],"class_list":{"0":"post-31920","1":"product","2":"type-product","3":"status-publish","4":"has-post-thumbnail","6":"product_cat-internationaler-flughafen-wien-escort-service","7":"product_cat-reife-frauen-escorts","8":"product_cat-schwarzhaarige-escorts-madchen","9":"product_cat-vollbusige-girls-escorts","11":"first","12":"instock","13":"shipping-taxable","14":"purchasable","15":"product-type-simple"},"yoast_head":"<!-- This site is optimized with the Yoast SEO plugin v27.2 - https:\/\/yoast.com\/product\/yoast-seo-wordpress\/ -->\n<title>Adria - Escort girl in Vienna<\/title>\n<meta name=\"robots\" content=\"index, follow, max-snippet:-1, max-image-preview:large, max-video-preview:-1\" \/>\n<link rel=\"canonical\" href=\"https:\/\/escortvienna.com\/de\/escorts\/adria\/\" \/>\n<meta property=\"og:locale\" content=\"de_DE\" \/>\n<meta property=\"og:type\" content=\"article\" \/>\n<meta property=\"og:title\" content=\"Adria - Escort girl in Vienna\" \/>\n<meta property=\"og:description\" content=\"Mehr \u00fcber mich in K\u00fcrze, aber bis dann, bin ich nat\u00fcrlich ab sofort f\u00fcr Euch verf\u00fcgbar... ;)\" \/>\n<meta property=\"og:url\" content=\"https:\/\/escortvienna.com\/de\/escorts\/adria\/\" \/>\n<meta property=\"og:site_name\" content=\"Escort Wien\" \/>\n<meta property=\"article:modified_time\" content=\"2026-02-11T20:41:47+00:00\" \/>\n<meta property=\"og:image\" content=\"https:\/\/escortvienna.com\/wp-content\/uploads\/2024\/03\/Adria.jpg\" \/>\n\t<meta property=\"og:image:width\" content=\"533\" \/>\n\t<meta property=\"og:image:height\" content=\"800\" \/>\n\t<meta property=\"og:image:type\" content=\"image\/jpeg\" \/>\n<meta name=\"twitter:card\" content=\"summary_large_image\" \/>\n<script type=\"application\/ld+json\" class=\"yoast-schema-graph\">{\"@context\":\"https:\/\/schema.org\",\"@graph\":[{\"@type\":[\"WebPage\",\"ItemPage\"],\"@id\":\"https:\/\/escortvienna.com\/de\/escorts\/adria\/\",\"url\":\"https:\/\/escortvienna.com\/de\/escorts\/adria\/\",\"name\":\"Adria - Escort girl in Vienna\",\"isPartOf\":{\"@id\":\"https:\/\/escortvienna.com\/de\/#website\"},\"primaryImageOfPage\":{\"@id\":\"https:\/\/escortvienna.com\/de\/escorts\/adria\/#primaryimage\"},\"image\":{\"@id\":\"https:\/\/escortvienna.com\/de\/escorts\/adria\/#primaryimage\"},\"thumbnailUrl\":\"https:\/\/escortvienna.com\/wp-content\/uploads\/2024\/03\/Adria.jpg\",\"datePublished\":\"2024-03-26T18:08:45+00:00\",\"dateModified\":\"2026-02-11T20:41:47+00:00\",\"breadcrumb\":{\"@id\":\"https:\/\/escortvienna.com\/de\/escorts\/adria\/#breadcrumb\"},\"inLanguage\":\"de\",\"potentialAction\":[{\"@type\":\"ReadAction\",\"target\":[\"https:\/\/escortvienna.com\/de\/escorts\/adria\/\"]}]},{\"@type\":\"ImageObject\",\"inLanguage\":\"de\",\"@id\":\"https:\/\/escortvienna.com\/de\/escorts\/adria\/#primaryimage\",\"url\":\"https:\/\/escortvienna.com\/wp-content\/uploads\/2024\/03\/Adria.jpg\",\"contentUrl\":\"https:\/\/escortvienna.com\/wp-content\/uploads\/2024\/03\/Adria.jpg\",\"width\":533,\"height\":800,\"caption\":\"Adria - Escort Girl in Vienna\"},{\"@type\":\"BreadcrumbList\",\"@id\":\"https:\/\/escortvienna.com\/de\/escorts\/adria\/#breadcrumb\",\"itemListElement\":[{\"@type\":\"ListItem\",\"position\":1,\"name\":\"Escort Vienna\",\"item\":\"https:\/\/escortvienna.com\/de\/\"},{\"@type\":\"ListItem\",\"position\":2,\"name\":\"Wien Escort Girls\",\"item\":\"https:\/\/escortvienna.com\/de\/escorts\/\"},{\"@type\":\"ListItem\",\"position\":3,\"name\":\"Adria\"}]},{\"@type\":\"WebSite\",\"@id\":\"https:\/\/escortvienna.com\/de\/#website\",\"url\":\"https:\/\/escortvienna.com\/de\/\",\"name\":\"Escort Wien\",\"description\":\"Wiener Escort Service f\u00fcr Gesch\u00e4ftsreisende\",\"publisher\":{\"@id\":\"https:\/\/escortvienna.com\/de\/#organization\"},\"alternateName\":\"Escort Vienna Agency\",\"potentialAction\":[{\"@type\":\"SearchAction\",\"target\":{\"@type\":\"EntryPoint\",\"urlTemplate\":\"https:\/\/escortvienna.com\/de\/?s={search_term_string}\"},\"query-input\":{\"@type\":\"PropertyValueSpecification\",\"valueRequired\":true,\"valueName\":\"search_term_string\"}}],\"inLanguage\":\"de\"},{\"@type\":\"Organization\",\"@id\":\"https:\/\/escortvienna.com\/de\/#organization\",\"name\":\"Escort Vienna Agency\",\"alternateName\":\"Escort Vienna\",\"url\":\"https:\/\/escortvienna.com\/de\/\",\"logo\":{\"@type\":\"ImageObject\",\"inLanguage\":\"de\",\"@id\":\"https:\/\/escortvienna.com\/de\/#\/schema\/logo\/image\/\",\"url\":\"https:\/\/escortvienna.com\/wp-content\/uploads\/2024\/10\/EscortVienna-logo-696.jpg\",\"contentUrl\":\"https:\/\/escortvienna.com\/wp-content\/uploads\/2024\/10\/EscortVienna-logo-696.jpg\",\"width\":696,\"height\":696,\"caption\":\"Escort Vienna Agency\"},\"image\":{\"@id\":\"https:\/\/escortvienna.com\/de\/#\/schema\/logo\/image\/\"}}]}<\/script>\n<!-- \/ Yoast SEO plugin. -->","yoast_head_json":{"title":"Adria - Escort girl in Vienna","robots":{"index":"index","follow":"follow","max-snippet":"max-snippet:-1","max-image-preview":"max-image-preview:large","max-video-preview":"max-video-preview:-1"},"canonical":"https:\/\/escortvienna.com\/de\/escorts\/adria\/","og_locale":"de_DE","og_type":"article","og_title":"Adria - Escort girl in Vienna","og_description":"Mehr \u00fcber mich in K\u00fcrze, aber bis dann, bin ich nat\u00fcrlich ab sofort f\u00fcr Euch verf\u00fcgbar... ;)","og_url":"https:\/\/escortvienna.com\/de\/escorts\/adria\/","og_site_name":"Escort Wien","article_modified_time":"2026-02-11T20:41:47+00:00","og_image":[{"width":533,"height":800,"url":"https:\/\/escortvienna.com\/wp-content\/uploads\/2024\/03\/Adria.jpg","type":"image\/jpeg"}],"twitter_card":"summary_large_image","schema":{"@context":"https:\/\/schema.org","@graph":[{"@type":["WebPage","ItemPage"],"@id":"https:\/\/escortvienna.com\/de\/escorts\/adria\/","url":"https:\/\/escortvienna.com\/de\/escorts\/adria\/","name":"Adria - Escort girl in Vienna","isPartOf":{"@id":"https:\/\/escortvienna.com\/de\/#website"},"primaryImageOfPage":{"@id":"https:\/\/escortvienna.com\/de\/escorts\/adria\/#primaryimage"},"image":{"@id":"https:\/\/escortvienna.com\/de\/escorts\/adria\/#primaryimage"},"thumbnailUrl":"https:\/\/escortvienna.com\/wp-content\/uploads\/2024\/03\/Adria.jpg","datePublished":"2024-03-26T18:08:45+00:00","dateModified":"2026-02-11T20:41:47+00:00","breadcrumb":{"@id":"https:\/\/escortvienna.com\/de\/escorts\/adria\/#breadcrumb"},"inLanguage":"de","potentialAction":[{"@type":"ReadAction","target":["https:\/\/escortvienna.com\/de\/escorts\/adria\/"]}]},{"@type":"ImageObject","inLanguage":"de","@id":"https:\/\/escortvienna.com\/de\/escorts\/adria\/#primaryimage","url":"https:\/\/escortvienna.com\/wp-content\/uploads\/2024\/03\/Adria.jpg","contentUrl":"https:\/\/escortvienna.com\/wp-content\/uploads\/2024\/03\/Adria.jpg","width":533,"height":800,"caption":"Adria - Escort Girl in Vienna"},{"@type":"BreadcrumbList","@id":"https:\/\/escortvienna.com\/de\/escorts\/adria\/#breadcrumb","itemListElement":[{"@type":"ListItem","position":1,"name":"Escort Vienna","item":"https:\/\/escortvienna.com\/de\/"},{"@type":"ListItem","position":2,"name":"Wien Escort Girls","item":"https:\/\/escortvienna.com\/de\/escorts\/"},{"@type":"ListItem","position":3,"name":"Adria"}]},{"@type":"WebSite","@id":"https:\/\/escortvienna.com\/de\/#website","url":"https:\/\/escortvienna.com\/de\/","name":"Escort Wien","description":"Wiener Escort Service f\u00fcr Gesch\u00e4ftsreisende","publisher":{"@id":"https:\/\/escortvienna.com\/de\/#organization"},"alternateName":"Escort Vienna Agency","potentialAction":[{"@type":"SearchAction","target":{"@type":"EntryPoint","urlTemplate":"https:\/\/escortvienna.com\/de\/?s={search_term_string}"},"query-input":{"@type":"PropertyValueSpecification","valueRequired":true,"valueName":"search_term_string"}}],"inLanguage":"de"},{"@type":"Organization","@id":"https:\/\/escortvienna.com\/de\/#organization","name":"Escort Vienna Agency","alternateName":"Escort Vienna","url":"https:\/\/escortvienna.com\/de\/","logo":{"@type":"ImageObject","inLanguage":"de","@id":"https:\/\/escortvienna.com\/de\/#\/schema\/logo\/image\/","url":"https:\/\/escortvienna.com\/wp-content\/uploads\/2024\/10\/EscortVienna-logo-696.jpg","contentUrl":"https:\/\/escortvienna.com\/wp-content\/uploads\/2024\/10\/EscortVienna-logo-696.jpg","width":696,"height":696,"caption":"Escort Vienna Agency"},"image":{"@id":"https:\/\/escortvienna.com\/de\/#\/schema\/logo\/image\/"}}]}},"_links":{"self":[{"href":"https:\/\/escortvienna.com\/de\/wp-json\/wp\/v2\/product\/31920","targetHints":{"allow":["GET"]}}],"collection":[{"href":"https:\/\/escortvienna.com\/de\/wp-json\/wp\/v2\/product"}],"about":[{"href":"https:\/\/escortvienna.com\/de\/wp-json\/wp\/v2\/types\/product"}],"replies":[{"embeddable":true,"href":"https:\/\/escortvienna.com\/de\/wp-json\/wp\/v2\/comments?post=31920"}],"wp:featuredmedia":[{"embeddable":true,"href":"https:\/\/escortvienna.com\/de\/wp-json\/wp\/v2\/media\/31938"}],"wp:attachment":[{"href":"https:\/\/escortvienna.com\/de\/wp-json\/wp\/v2\/media?parent=31920"}],"wp:term":[{"taxonomy":"product_brand","embeddable":true,"href":"https:\/\/escortvienna.com\/de\/wp-json\/wp\/v2\/product_brand?post=31920"},{"taxonomy":"product_cat","embeddable":true,"href":"https:\/\/escortvienna.com\/de\/wp-json\/wp\/v2\/product_cat?post=31920"},{"taxonomy":"product_tag","embeddable":true,"href":"https:\/\/escortvienna.com\/de\/wp-json\/wp\/v2\/product_tag?post=31920"}],"curies":[{"name":"wp","href":"https:\/\/api.w.org\/{rel}","templated":true}]}}