{"id":31785,"date":"2026-03-21T19:45:59","date_gmt":"2026-03-21T18:45:59","guid":{"rendered":"https:\/\/escortvienna.com\/escorts\/raisa\/"},"modified":"2026-04-16T18:28:26","modified_gmt":"2026-04-16T16:28:26","slug":"raisa","status":"publish","type":"product","link":"https:\/\/escortvienna.com\/de\/escorts\/raisa\/","title":{"rendered":"Raisa"},"content":{"rendered":"","protected":false},"excerpt":{"rendered":"<p>Hallo Herren, danke, dass du mein Profil angezeigt hast. Suchen Sie diese besondere Girl Escort, sch\u00f6n, hei\u00df, sexy und unabh\u00e4ngig? Dann schau nicht weiter. Ich bin locker, lustig und mit einer verf\u00fchrerischen charmanten Natur, die Sie entspannt und anregt. Rufen Sie mich an!<\/p>\n","protected":false},"featured_media":31842,"comment_status":"open","ping_status":"closed","template":"","meta":{"_joinchat":[]},"product_brand":[],"product_cat":[884,883,882,865,875,867],"product_tag":[],"class_list":{"0":"post-31785","1":"product","2":"type-product","3":"status-publish","4":"has-post-thumbnail","6":"product_cat-besuchbar","7":"product_cat-empfohlen","8":"product_cat-exklusiv","9":"product_cat-internationaler-flughafen-wien-escort-service","10":"product_cat-junge-escorts-frauen","11":"product_cat-schwarzhaarige-escorts-madchen","13":"first","14":"instock","15":"shipping-taxable","16":"purchasable","17":"product-type-simple"},"yoast_head":"<!-- This site is optimized with the Yoast SEO plugin v27.6 - https:\/\/yoast.com\/product\/yoast-seo-wordpress\/ -->\n<title>Raisa - Escort girl in Vienna<\/title>\n<meta name=\"description\" content=\"Hallo Herren, danke, dass du mein Profil angezeigt hast. Suchen Sie diese besondere Girl Escort, sch\u00f6n, hei\u00df, sexy und unabh\u00e4ngig? Dann schau nicht weiter. Ich bin locker, lustig und mit einer verf\u00fchrerischen charmanten Natur, die Sie entspannt und anregt. Rufen Sie mich an!\" \/>\n<meta name=\"robots\" content=\"index, follow, max-snippet:-1, max-image-preview:large, max-video-preview:-1\" \/>\n<link rel=\"canonical\" href=\"https:\/\/escortvienna.com\/de\/escorts\/raisa\/\" \/>\n<meta property=\"og:locale\" content=\"de_DE\" \/>\n<meta property=\"og:type\" content=\"article\" \/>\n<meta property=\"og:title\" content=\"Raisa - Escort girl in Vienna\" \/>\n<meta property=\"og:description\" content=\"Hallo Herren, danke, dass du mein Profil angezeigt hast. Suchen Sie diese besondere Girl Escort, sch\u00f6n, hei\u00df, sexy und unabh\u00e4ngig? Dann schau nicht weiter. Ich bin locker, lustig und mit einer verf\u00fchrerischen charmanten Natur, die Sie entspannt und anregt. Rufen Sie mich an!\" \/>\n<meta property=\"og:url\" content=\"https:\/\/escortvienna.com\/de\/escorts\/raisa\/\" \/>\n<meta property=\"og:site_name\" content=\"Escort Wien\" \/>\n<meta property=\"article:modified_time\" content=\"2026-04-16T16:28:26+00:00\" \/>\n<meta property=\"og:image\" content=\"https:\/\/escortvienna.com\/wp-content\/uploads\/2024\/01\/Escort-girl-in-Vienna-with-long-black-hair-3.jpg\" \/>\n\t<meta property=\"og:image:width\" content=\"667\" \/>\n\t<meta property=\"og:image:height\" content=\"1000\" \/>\n\t<meta property=\"og:image:type\" content=\"image\/jpeg\" \/>\n<meta name=\"twitter:card\" content=\"summary_large_image\" \/>\n<script type=\"application\/ld+json\" class=\"yoast-schema-graph\">{\"@context\":\"https:\\\/\\\/schema.org\",\"@graph\":[{\"@type\":[\"WebPage\",\"ItemPage\"],\"@id\":\"https:\\\/\\\/escortvienna.com\\\/de\\\/escorts\\\/raisa\\\/\",\"url\":\"https:\\\/\\\/escortvienna.com\\\/de\\\/escorts\\\/raisa\\\/\",\"name\":\"Raisa - Escort girl in Vienna\",\"isPartOf\":{\"@id\":\"https:\\\/\\\/escortvienna.com\\\/de\\\/#website\"},\"primaryImageOfPage\":{\"@id\":\"https:\\\/\\\/escortvienna.com\\\/de\\\/escorts\\\/raisa\\\/#primaryimage\"},\"image\":{\"@id\":\"https:\\\/\\\/escortvienna.com\\\/de\\\/escorts\\\/raisa\\\/#primaryimage\"},\"thumbnailUrl\":\"https:\\\/\\\/escortvienna.com\\\/wp-content\\\/uploads\\\/2024\\\/01\\\/Escort-girl-in-Vienna-with-long-black-hair-3.jpg\",\"datePublished\":\"2026-03-21T18:45:59+00:00\",\"dateModified\":\"2026-04-16T16:28:26+00:00\",\"description\":\"Hallo Herren, danke, dass du mein Profil angezeigt hast. Suchen Sie diese besondere Girl Escort, sch\u00f6n, hei\u00df, sexy und unabh\u00e4ngig? Dann schau nicht weiter. Ich bin locker, lustig und mit einer verf\u00fchrerischen charmanten Natur, die Sie entspannt und anregt. Rufen Sie mich an!\",\"breadcrumb\":{\"@id\":\"https:\\\/\\\/escortvienna.com\\\/de\\\/escorts\\\/raisa\\\/#breadcrumb\"},\"inLanguage\":\"de\",\"potentialAction\":[{\"@type\":\"ReadAction\",\"target\":[\"https:\\\/\\\/escortvienna.com\\\/de\\\/escorts\\\/raisa\\\/\"]}]},{\"@type\":\"ImageObject\",\"inLanguage\":\"de\",\"@id\":\"https:\\\/\\\/escortvienna.com\\\/de\\\/escorts\\\/raisa\\\/#primaryimage\",\"url\":\"https:\\\/\\\/escortvienna.com\\\/wp-content\\\/uploads\\\/2024\\\/01\\\/Escort-girl-in-Vienna-with-long-black-hair-3.jpg\",\"contentUrl\":\"https:\\\/\\\/escortvienna.com\\\/wp-content\\\/uploads\\\/2024\\\/01\\\/Escort-girl-in-Vienna-with-long-black-hair-3.jpg\",\"width\":667,\"height\":1000},{\"@type\":\"BreadcrumbList\",\"@id\":\"https:\\\/\\\/escortvienna.com\\\/de\\\/escorts\\\/raisa\\\/#breadcrumb\",\"itemListElement\":[{\"@type\":\"ListItem\",\"position\":1,\"name\":\"Escort Vienna\",\"item\":\"https:\\\/\\\/escortvienna.com\\\/de\\\/\"},{\"@type\":\"ListItem\",\"position\":2,\"name\":\"Wien Escort Girls\",\"item\":\"https:\\\/\\\/escortvienna.com\\\/de\\\/escorts\\\/\"},{\"@type\":\"ListItem\",\"position\":3,\"name\":\"Raisa\"}]},{\"@type\":\"WebSite\",\"@id\":\"https:\\\/\\\/escortvienna.com\\\/de\\\/#website\",\"url\":\"https:\\\/\\\/escortvienna.com\\\/de\\\/\",\"name\":\"Escort Wien\",\"description\":\"Wiener Escort Service f\u00fcr Gesch\u00e4ftsreisende\",\"publisher\":{\"@id\":\"https:\\\/\\\/escortvienna.com\\\/de\\\/#organization\"},\"alternateName\":\"Escort Vienna Agency\",\"potentialAction\":[{\"@type\":\"SearchAction\",\"target\":{\"@type\":\"EntryPoint\",\"urlTemplate\":\"https:\\\/\\\/escortvienna.com\\\/de\\\/?s={search_term_string}\"},\"query-input\":{\"@type\":\"PropertyValueSpecification\",\"valueRequired\":true,\"valueName\":\"search_term_string\"}}],\"inLanguage\":\"de\"},{\"@type\":\"Organization\",\"@id\":\"https:\\\/\\\/escortvienna.com\\\/de\\\/#organization\",\"name\":\"Escort Vienna Agency\",\"alternateName\":\"Escort Vienna\",\"url\":\"https:\\\/\\\/escortvienna.com\\\/de\\\/\",\"logo\":{\"@type\":\"ImageObject\",\"inLanguage\":\"de\",\"@id\":\"https:\\\/\\\/escortvienna.com\\\/de\\\/#\\\/schema\\\/logo\\\/image\\\/\",\"url\":\"https:\\\/\\\/escortvienna.com\\\/wp-content\\\/uploads\\\/2024\\\/10\\\/EscortVienna-logo-696.jpg\",\"contentUrl\":\"https:\\\/\\\/escortvienna.com\\\/wp-content\\\/uploads\\\/2024\\\/10\\\/EscortVienna-logo-696.jpg\",\"width\":696,\"height\":696,\"caption\":\"Escort Vienna Agency\"},\"image\":{\"@id\":\"https:\\\/\\\/escortvienna.com\\\/de\\\/#\\\/schema\\\/logo\\\/image\\\/\"}}]}<\/script>\n<!-- \/ Yoast SEO plugin. -->","yoast_head_json":{"title":"Raisa - Escort girl in Vienna","description":"Hallo Herren, danke, dass du mein Profil angezeigt hast. Suchen Sie diese besondere Girl Escort, sch\u00f6n, hei\u00df, sexy und unabh\u00e4ngig? Dann schau nicht weiter. Ich bin locker, lustig und mit einer verf\u00fchrerischen charmanten Natur, die Sie entspannt und anregt. Rufen Sie mich an!","robots":{"index":"index","follow":"follow","max-snippet":"max-snippet:-1","max-image-preview":"max-image-preview:large","max-video-preview":"max-video-preview:-1"},"canonical":"https:\/\/escortvienna.com\/de\/escorts\/raisa\/","og_locale":"de_DE","og_type":"article","og_title":"Raisa - Escort girl in Vienna","og_description":"Hallo Herren, danke, dass du mein Profil angezeigt hast. Suchen Sie diese besondere Girl Escort, sch\u00f6n, hei\u00df, sexy und unabh\u00e4ngig? Dann schau nicht weiter. Ich bin locker, lustig und mit einer verf\u00fchrerischen charmanten Natur, die Sie entspannt und anregt. Rufen Sie mich an!","og_url":"https:\/\/escortvienna.com\/de\/escorts\/raisa\/","og_site_name":"Escort Wien","article_modified_time":"2026-04-16T16:28:26+00:00","og_image":[{"width":667,"height":1000,"url":"https:\/\/escortvienna.com\/wp-content\/uploads\/2024\/01\/Escort-girl-in-Vienna-with-long-black-hair-3.jpg","type":"image\/jpeg"}],"twitter_card":"summary_large_image","schema":{"@context":"https:\/\/schema.org","@graph":[{"@type":["WebPage","ItemPage"],"@id":"https:\/\/escortvienna.com\/de\/escorts\/raisa\/","url":"https:\/\/escortvienna.com\/de\/escorts\/raisa\/","name":"Raisa - Escort girl in Vienna","isPartOf":{"@id":"https:\/\/escortvienna.com\/de\/#website"},"primaryImageOfPage":{"@id":"https:\/\/escortvienna.com\/de\/escorts\/raisa\/#primaryimage"},"image":{"@id":"https:\/\/escortvienna.com\/de\/escorts\/raisa\/#primaryimage"},"thumbnailUrl":"https:\/\/escortvienna.com\/wp-content\/uploads\/2024\/01\/Escort-girl-in-Vienna-with-long-black-hair-3.jpg","datePublished":"2026-03-21T18:45:59+00:00","dateModified":"2026-04-16T16:28:26+00:00","description":"Hallo Herren, danke, dass du mein Profil angezeigt hast. Suchen Sie diese besondere Girl Escort, sch\u00f6n, hei\u00df, sexy und unabh\u00e4ngig? Dann schau nicht weiter. Ich bin locker, lustig und mit einer verf\u00fchrerischen charmanten Natur, die Sie entspannt und anregt. Rufen Sie mich an!","breadcrumb":{"@id":"https:\/\/escortvienna.com\/de\/escorts\/raisa\/#breadcrumb"},"inLanguage":"de","potentialAction":[{"@type":"ReadAction","target":["https:\/\/escortvienna.com\/de\/escorts\/raisa\/"]}]},{"@type":"ImageObject","inLanguage":"de","@id":"https:\/\/escortvienna.com\/de\/escorts\/raisa\/#primaryimage","url":"https:\/\/escortvienna.com\/wp-content\/uploads\/2024\/01\/Escort-girl-in-Vienna-with-long-black-hair-3.jpg","contentUrl":"https:\/\/escortvienna.com\/wp-content\/uploads\/2024\/01\/Escort-girl-in-Vienna-with-long-black-hair-3.jpg","width":667,"height":1000},{"@type":"BreadcrumbList","@id":"https:\/\/escortvienna.com\/de\/escorts\/raisa\/#breadcrumb","itemListElement":[{"@type":"ListItem","position":1,"name":"Escort Vienna","item":"https:\/\/escortvienna.com\/de\/"},{"@type":"ListItem","position":2,"name":"Wien Escort Girls","item":"https:\/\/escortvienna.com\/de\/escorts\/"},{"@type":"ListItem","position":3,"name":"Raisa"}]},{"@type":"WebSite","@id":"https:\/\/escortvienna.com\/de\/#website","url":"https:\/\/escortvienna.com\/de\/","name":"Escort Wien","description":"Wiener Escort Service f\u00fcr Gesch\u00e4ftsreisende","publisher":{"@id":"https:\/\/escortvienna.com\/de\/#organization"},"alternateName":"Escort Vienna Agency","potentialAction":[{"@type":"SearchAction","target":{"@type":"EntryPoint","urlTemplate":"https:\/\/escortvienna.com\/de\/?s={search_term_string}"},"query-input":{"@type":"PropertyValueSpecification","valueRequired":true,"valueName":"search_term_string"}}],"inLanguage":"de"},{"@type":"Organization","@id":"https:\/\/escortvienna.com\/de\/#organization","name":"Escort Vienna Agency","alternateName":"Escort Vienna","url":"https:\/\/escortvienna.com\/de\/","logo":{"@type":"ImageObject","inLanguage":"de","@id":"https:\/\/escortvienna.com\/de\/#\/schema\/logo\/image\/","url":"https:\/\/escortvienna.com\/wp-content\/uploads\/2024\/10\/EscortVienna-logo-696.jpg","contentUrl":"https:\/\/escortvienna.com\/wp-content\/uploads\/2024\/10\/EscortVienna-logo-696.jpg","width":696,"height":696,"caption":"Escort Vienna Agency"},"image":{"@id":"https:\/\/escortvienna.com\/de\/#\/schema\/logo\/image\/"}}]}},"_links":{"self":[{"href":"https:\/\/escortvienna.com\/de\/wp-json\/wp\/v2\/product\/31785","targetHints":{"allow":["GET"]}}],"collection":[{"href":"https:\/\/escortvienna.com\/de\/wp-json\/wp\/v2\/product"}],"about":[{"href":"https:\/\/escortvienna.com\/de\/wp-json\/wp\/v2\/types\/product"}],"replies":[{"embeddable":true,"href":"https:\/\/escortvienna.com\/de\/wp-json\/wp\/v2\/comments?post=31785"}],"wp:featuredmedia":[{"embeddable":true,"href":"https:\/\/escortvienna.com\/de\/wp-json\/wp\/v2\/media\/31842"}],"wp:attachment":[{"href":"https:\/\/escortvienna.com\/de\/wp-json\/wp\/v2\/media?parent=31785"}],"wp:term":[{"taxonomy":"product_brand","embeddable":true,"href":"https:\/\/escortvienna.com\/de\/wp-json\/wp\/v2\/product_brand?post=31785"},{"taxonomy":"product_cat","embeddable":true,"href":"https:\/\/escortvienna.com\/de\/wp-json\/wp\/v2\/product_cat?post=31785"},{"taxonomy":"product_tag","embeddable":true,"href":"https:\/\/escortvienna.com\/de\/wp-json\/wp\/v2\/product_tag?post=31785"}],"curies":[{"name":"wp","href":"https:\/\/api.w.org\/{rel}","templated":true}]}}